{"id":234,"date":"2017-09-10T22:42:46","date_gmt":"2017-09-10T20:42:46","guid":{"rendered":"https:\/\/www2.gruener-rabe.com\/?post_type=product&#038;p=234"},"modified":"2024-06-01T16:24:44","modified_gmt":"2024-06-01T14:24:44","slug":"haekelmuetze-schwarz-olivgruen","status":"publish","type":"product","link":"https:\/\/www2.gruener-rabe.com\/index.php\/produkt\/haekelmuetze-schwarz-olivgruen\/","title":{"rendered":"Geh\u00e4kelte M\u00fctze in Schwarz und Olivgr\u00fcn"},"content":{"rendered":"<p>in Strickoptik (kompakter und w\u00e4rmer als gestrickt) mit messingfarbenen Wachsglasperlen.<\/p>\n","protected":false},"excerpt":{"rendered":"<p>in Strickoptik (kompakter und w\u00e4rmer als gestrickt) mit messingfarbenen Wachsglasperlen.<\/p>\n","protected":false},"featured_media":235,"template":"","meta":{"_crdt_document":""},"product_brand":[],"product_cat":[22],"product_tag":[],"class_list":{"0":"post-234","1":"product","2":"type-product","3":"status-publish","4":"has-post-thumbnail","6":"product_cat-accessoires_kopf_kappen_muetzen","8":"first","9":"instock","10":"taxable","11":"shipping-taxable","12":"purchasable","13":"product-type-simple"},"_links":{"self":[{"href":"https:\/\/www2.gruener-rabe.com\/index.php\/wp-json\/wp\/v2\/product\/234","targetHints":{"allow":["GET"]}}],"collection":[{"href":"https:\/\/www2.gruener-rabe.com\/index.php\/wp-json\/wp\/v2\/product"}],"about":[{"href":"https:\/\/www2.gruener-rabe.com\/index.php\/wp-json\/wp\/v2\/types\/product"}],"wp:featuredmedia":[{"embeddable":true,"href":"https:\/\/www2.gruener-rabe.com\/index.php\/wp-json\/wp\/v2\/media\/235"}],"wp:attachment":[{"href":"https:\/\/www2.gruener-rabe.com\/index.php\/wp-json\/wp\/v2\/media?parent=234"}],"wp:term":[{"taxonomy":"product_brand","embeddable":true,"href":"https:\/\/www2.gruener-rabe.com\/index.php\/wp-json\/wp\/v2\/product_brand?post=234"},{"taxonomy":"product_cat","embeddable":true,"href":"https:\/\/www2.gruener-rabe.com\/index.php\/wp-json\/wp\/v2\/product_cat?post=234"},{"taxonomy":"product_tag","embeddable":true,"href":"https:\/\/www2.gruener-rabe.com\/index.php\/wp-json\/wp\/v2\/product_tag?post=234"}],"curies":[{"name":"wp","href":"https:\/\/api.w.org\/{rel}","templated":true}]}}