{"id":301,"date":"2017-09-14T22:54:01","date_gmt":"2017-09-14T20:54:01","guid":{"rendered":"https:\/\/www2.gruener-rabe.com\/?post_type=product&#038;p=301"},"modified":"2017-09-14T22:54:02","modified_gmt":"2017-09-14T20:54:02","slug":"eleganter-zweiteiler","status":"publish","type":"product","link":"https:\/\/www2.gruener-rabe.com\/index.php\/produkt\/eleganter-zweiteiler\/","title":{"rendered":"Eleganter Zweiteiler"},"content":{"rendered":"<p>Oberteil: mit schwarzem Netz in Dekollet\u00e9, R\u00fccken und als \u00c4rmel, schwarze Bl\u00e4tterspitze betont das Dekollet\u00e9. Rei\u00dfverschlu\u00df am R\u00fccken.<\/p>\n<p>Rock: Eins\u00e4tze aus elastischem schwarzem Netz erleichtern das Gehen in dem nach unten sehr schmalen Rock. Kurz gef\u00fcttert.<\/p>\n<p>Material:<br \/>\nOberteil: Baumwollstoff, Baumwollnetzstoff, Baumwollgarne, Kunststoffperlen.<br \/>\nRock: Leinen-Viskose, Baumwollnetzstoff, Viskosefutter.<\/p>\n<p>Gr\u00f6\u00dfe: ca. 46; 107 &#8211; 90 &#8211; 114, Rockl\u00e4nge ca. 88 cm.<\/p>\n","protected":false},"excerpt":{"rendered":"<p>aus petrol-blauem Oberteil und schwarzem Rock<\/p>\n","protected":false},"featured_media":306,"template":"","meta":{"_crdt_document":""},"product_brand":[],"product_cat":[42],"product_tag":[],"class_list":{"0":"post-301","1":"product","2":"type-product","3":"status-publish","4":"has-post-thumbnail","6":"product_cat-mehrteiler_farbig","8":"first","9":"instock","10":"taxable","11":"shipping-taxable","12":"purchasable","13":"product-type-simple"},"_links":{"self":[{"href":"https:\/\/www2.gruener-rabe.com\/index.php\/wp-json\/wp\/v2\/product\/301","targetHints":{"allow":["GET"]}}],"collection":[{"href":"https:\/\/www2.gruener-rabe.com\/index.php\/wp-json\/wp\/v2\/product"}],"about":[{"href":"https:\/\/www2.gruener-rabe.com\/index.php\/wp-json\/wp\/v2\/types\/product"}],"wp:featuredmedia":[{"embeddable":true,"href":"https:\/\/www2.gruener-rabe.com\/index.php\/wp-json\/wp\/v2\/media\/306"}],"wp:attachment":[{"href":"https:\/\/www2.gruener-rabe.com\/index.php\/wp-json\/wp\/v2\/media?parent=301"}],"wp:term":[{"taxonomy":"product_brand","embeddable":true,"href":"https:\/\/www2.gruener-rabe.com\/index.php\/wp-json\/wp\/v2\/product_brand?post=301"},{"taxonomy":"product_cat","embeddable":true,"href":"https:\/\/www2.gruener-rabe.com\/index.php\/wp-json\/wp\/v2\/product_cat?post=301"},{"taxonomy":"product_tag","embeddable":true,"href":"https:\/\/www2.gruener-rabe.com\/index.php\/wp-json\/wp\/v2\/product_tag?post=301"}],"curies":[{"name":"wp","href":"https:\/\/api.w.org\/{rel}","templated":true}]}}