{"id":329,"date":"2017-09-15T10:44:41","date_gmt":"2017-09-15T08:44:41","guid":{"rendered":"https:\/\/www2.gruener-rabe.com\/?post_type=product&#038;p=329"},"modified":"2025-06-16T11:09:28","modified_gmt":"2025-06-16T09:09:28","slug":"schmuggeljacke","status":"publish","type":"product","link":"https:\/\/www2.gruener-rabe.com\/index.php\/produkt\/schmuggeljacke\/","title":{"rendered":"&#8222;Schmuggeljacke&#8220;"},"content":{"rendered":"<p>Bequeme Jacke in erdigen Oranget\u00f6nen mit 2 Au\u00dfen- und 5 Innentaschen, in die alles reinpa\u00dft, was man unterwegs so braucht.<br \/>\nRei\u00dfverschlu\u00df vorne, an den Au\u00dfentaschen und am Kragen sind farblich harmonische Lederkn\u00f6pfe und Knopfschlaufen aus Makrameeschnur.<\/p>\n<p>Material:<br \/>\n50 % Baumwolle, 50 % Viskose (Oberstoff); Baumwolle (Innenfutter)<br \/>\nLederkn\u00f6pfe vom Atelier Jan, Wien, Spittelberggasse<br \/>\nMakrameeschnur aus Baumwollgarn<\/p>\n<p>Gr\u00f6\u00dfe: ca. 42<\/p>\n","protected":false},"excerpt":{"rendered":"<p>mit 2 Au\u00dfen- und 5 Innentaschen<\/p>\n","protected":false},"featured_media":328,"template":"","meta":{"_crdt_document":""},"product_brand":[],"product_cat":[44],"product_tag":[],"class_list":{"0":"post-329","1":"product","2":"type-product","3":"status-publish","4":"has-post-thumbnail","6":"product_cat-bekleidung_ober_jacken","8":"first","9":"outofstock","10":"taxable","11":"shipping-taxable","12":"purchasable","13":"product-type-simple"},"_links":{"self":[{"href":"https:\/\/www2.gruener-rabe.com\/index.php\/wp-json\/wp\/v2\/product\/329","targetHints":{"allow":["GET"]}}],"collection":[{"href":"https:\/\/www2.gruener-rabe.com\/index.php\/wp-json\/wp\/v2\/product"}],"about":[{"href":"https:\/\/www2.gruener-rabe.com\/index.php\/wp-json\/wp\/v2\/types\/product"}],"wp:featuredmedia":[{"embeddable":true,"href":"https:\/\/www2.gruener-rabe.com\/index.php\/wp-json\/wp\/v2\/media\/328"}],"wp:attachment":[{"href":"https:\/\/www2.gruener-rabe.com\/index.php\/wp-json\/wp\/v2\/media?parent=329"}],"wp:term":[{"taxonomy":"product_brand","embeddable":true,"href":"https:\/\/www2.gruener-rabe.com\/index.php\/wp-json\/wp\/v2\/product_brand?post=329"},{"taxonomy":"product_cat","embeddable":true,"href":"https:\/\/www2.gruener-rabe.com\/index.php\/wp-json\/wp\/v2\/product_cat?post=329"},{"taxonomy":"product_tag","embeddable":true,"href":"https:\/\/www2.gruener-rabe.com\/index.php\/wp-json\/wp\/v2\/product_tag?post=329"}],"curies":[{"name":"wp","href":"https:\/\/api.w.org\/{rel}","templated":true}]}}