{"id":330,"date":"2017-09-17T22:46:21","date_gmt":"2017-09-17T20:46:21","guid":{"rendered":"https:\/\/www2.gruener-rabe.com\/?post_type=product&#038;p=330"},"modified":"2025-06-16T11:10:18","modified_gmt":"2025-06-16T09:10:18","slug":"aermellose-schwarze-weste","status":"publish","type":"product","link":"https:\/\/www2.gruener-rabe.com\/index.php\/produkt\/aermellose-schwarze-weste\/","title":{"rendered":"\u00c4rmellose schwarze Weste"},"content":{"rendered":"<p>\u00c4rmellose schwarze Weste mit Kapuze, Rei\u00dfverschlu\u00df vorn und Durchzug in der Taille, Taschen vorne. Die schwarze Spitze in der Kapuze ist rot unterlegt.<\/p>\n<p>Material: Wollstoff, Viskose (rot), Baumwollgarn.<\/p>\n<p>Gr\u00f6\u00dfe: ca. 40<\/p>\n","protected":false},"excerpt":{"rendered":"<p>mit Kapuze<\/p>\n","protected":false},"featured_media":332,"template":"","meta":{"_crdt_document":""},"product_brand":[],"product_cat":[128,44],"product_tag":[],"class_list":{"0":"post-330","1":"product","2":"type-product","3":"status-publish","4":"has-post-thumbnail","6":"product_cat-herbst_winter","7":"product_cat-bekleidung_ober_jacken","9":"first","10":"outofstock","11":"taxable","12":"shipping-taxable","13":"purchasable","14":"product-type-simple"},"_links":{"self":[{"href":"https:\/\/www2.gruener-rabe.com\/index.php\/wp-json\/wp\/v2\/product\/330","targetHints":{"allow":["GET"]}}],"collection":[{"href":"https:\/\/www2.gruener-rabe.com\/index.php\/wp-json\/wp\/v2\/product"}],"about":[{"href":"https:\/\/www2.gruener-rabe.com\/index.php\/wp-json\/wp\/v2\/types\/product"}],"wp:featuredmedia":[{"embeddable":true,"href":"https:\/\/www2.gruener-rabe.com\/index.php\/wp-json\/wp\/v2\/media\/332"}],"wp:attachment":[{"href":"https:\/\/www2.gruener-rabe.com\/index.php\/wp-json\/wp\/v2\/media?parent=330"}],"wp:term":[{"taxonomy":"product_brand","embeddable":true,"href":"https:\/\/www2.gruener-rabe.com\/index.php\/wp-json\/wp\/v2\/product_brand?post=330"},{"taxonomy":"product_cat","embeddable":true,"href":"https:\/\/www2.gruener-rabe.com\/index.php\/wp-json\/wp\/v2\/product_cat?post=330"},{"taxonomy":"product_tag","embeddable":true,"href":"https:\/\/www2.gruener-rabe.com\/index.php\/wp-json\/wp\/v2\/product_tag?post=330"}],"curies":[{"name":"wp","href":"https:\/\/api.w.org\/{rel}","templated":true}]}}