{"id":446,"date":"2017-09-23T00:26:58","date_gmt":"2017-09-22T22:26:58","guid":{"rendered":"https:\/\/www2.gruener-rabe.com\/?post_type=product&#038;p=446"},"modified":"2024-07-06T17:14:20","modified_gmt":"2024-07-06T15:14:20","slug":"handschmuck-in-grau-und-violetttoenen","status":"publish","type":"product","link":"https:\/\/www2.gruener-rabe.com\/index.php\/produkt\/handschmuck-in-grau-und-violetttoenen\/","title":{"rendered":"Handschmuck in Grau- und Violettt\u00f6nen"},"content":{"rendered":"<p>Mit einem Ring (Gr\u00f6\u00dfe 19) f\u00fcr den Mittelfinger, um das Handgelenk (ca. 15cm) befestigt mit einem Magnetverschlu\u00df.<\/p>\n","protected":false},"excerpt":{"rendered":"<p>Mit einem Ring (Gr\u00f6\u00dfe 19) f\u00fcr den Mittelfinger, um das Handgelenk (ca. 15cm) befestigt mit einem Magnetverschlu\u00df.<\/p>\n","protected":false},"featured_media":447,"template":"","meta":{"_crdt_document":""},"product_brand":[],"product_cat":[31],"product_tag":[],"class_list":{"0":"post-446","1":"product","2":"type-product","3":"status-publish","4":"has-post-thumbnail","6":"product_cat-accessoires_haende_schmuck","8":"first","9":"outofstock","10":"taxable","11":"shipping-taxable","12":"purchasable","13":"product-type-simple"},"_links":{"self":[{"href":"https:\/\/www2.gruener-rabe.com\/index.php\/wp-json\/wp\/v2\/product\/446","targetHints":{"allow":["GET"]}}],"collection":[{"href":"https:\/\/www2.gruener-rabe.com\/index.php\/wp-json\/wp\/v2\/product"}],"about":[{"href":"https:\/\/www2.gruener-rabe.com\/index.php\/wp-json\/wp\/v2\/types\/product"}],"wp:featuredmedia":[{"embeddable":true,"href":"https:\/\/www2.gruener-rabe.com\/index.php\/wp-json\/wp\/v2\/media\/447"}],"wp:attachment":[{"href":"https:\/\/www2.gruener-rabe.com\/index.php\/wp-json\/wp\/v2\/media?parent=446"}],"wp:term":[{"taxonomy":"product_brand","embeddable":true,"href":"https:\/\/www2.gruener-rabe.com\/index.php\/wp-json\/wp\/v2\/product_brand?post=446"},{"taxonomy":"product_cat","embeddable":true,"href":"https:\/\/www2.gruener-rabe.com\/index.php\/wp-json\/wp\/v2\/product_cat?post=446"},{"taxonomy":"product_tag","embeddable":true,"href":"https:\/\/www2.gruener-rabe.com\/index.php\/wp-json\/wp\/v2\/product_tag?post=446"}],"curies":[{"name":"wp","href":"https:\/\/api.w.org\/{rel}","templated":true}]}}