{"id":517,"date":"2017-10-29T01:29:33","date_gmt":"2017-10-28T23:29:33","guid":{"rendered":"https:\/\/www2.gruener-rabe.com\/?post_type=product&#038;p=517"},"modified":"2024-07-05T22:19:18","modified_gmt":"2024-07-05T20:19:18","slug":"hut-mit-blaettermuster-in-rot","status":"publish","type":"product","link":"https:\/\/www2.gruener-rabe.com\/index.php\/produkt\/hut-mit-blaettermuster-in-rot\/","title":{"rendered":"Hut mit Bl\u00e4ttermuster in rot"},"content":{"rendered":"<p>In den \u00e4u\u00dferen Rand ist ein sehr weicher, biegsamer Silberdraht eingearbeitet.<\/p>\n","protected":false},"excerpt":{"rendered":"<p>In den \u00e4u\u00dferen Rand ist ein sehr weicher, biegsamer Silberdraht eingearbeitet.<\/p>\n","protected":false},"featured_media":518,"template":"","meta":{"_crdt_document":""},"product_brand":[],"product_cat":[21],"product_tag":[],"class_list":{"0":"post-517","1":"product","2":"type-product","3":"status-publish","4":"has-post-thumbnail","6":"product_cat-accessoires_kopf_huete","8":"first","9":"instock","10":"taxable","11":"shipping-taxable","12":"purchasable","13":"product-type-simple"},"_links":{"self":[{"href":"https:\/\/www2.gruener-rabe.com\/index.php\/wp-json\/wp\/v2\/product\/517","targetHints":{"allow":["GET"]}}],"collection":[{"href":"https:\/\/www2.gruener-rabe.com\/index.php\/wp-json\/wp\/v2\/product"}],"about":[{"href":"https:\/\/www2.gruener-rabe.com\/index.php\/wp-json\/wp\/v2\/types\/product"}],"wp:featuredmedia":[{"embeddable":true,"href":"https:\/\/www2.gruener-rabe.com\/index.php\/wp-json\/wp\/v2\/media\/518"}],"wp:attachment":[{"href":"https:\/\/www2.gruener-rabe.com\/index.php\/wp-json\/wp\/v2\/media?parent=517"}],"wp:term":[{"taxonomy":"product_brand","embeddable":true,"href":"https:\/\/www2.gruener-rabe.com\/index.php\/wp-json\/wp\/v2\/product_brand?post=517"},{"taxonomy":"product_cat","embeddable":true,"href":"https:\/\/www2.gruener-rabe.com\/index.php\/wp-json\/wp\/v2\/product_cat?post=517"},{"taxonomy":"product_tag","embeddable":true,"href":"https:\/\/www2.gruener-rabe.com\/index.php\/wp-json\/wp\/v2\/product_tag?post=517"}],"curies":[{"name":"wp","href":"https:\/\/api.w.org\/{rel}","templated":true}]}}