{"id":602,"date":"2018-07-16T09:18:00","date_gmt":"2018-07-16T07:18:00","guid":{"rendered":"https:\/\/www2.gruener-rabe.com\/?post_type=product&#038;p=602"},"modified":"2025-06-16T11:13:05","modified_gmt":"2025-06-16T09:13:05","slug":"feuerbringerin","status":"publish","type":"product","link":"https:\/\/www2.gruener-rabe.com\/index.php\/produkt\/feuerbringerin\/","title":{"rendered":"&#8222;Feuerbringerin&#8220;"},"content":{"rendered":"<p>Lange Samtjacke in schwarz und rotbraun mit zahlreichen gestickten und geh\u00e4kelten Zierornamenten in schwarz und verschieden rotbraunen T\u00f6nen auf schimmernder Seide.<\/p>\n<p>Taschen vorne und im Futter, vorne gekn\u00f6pft.<\/p>\n<p>Material: Baumwolle\/Viskose (Samt), Viskose (Futter), Baumwoll- und Seidenstoffe, Baumwoll- und Seidengarne<\/p>\n<p>Gr\u00f6\u00dfe: ca. 42<\/p>\n","protected":false},"excerpt":{"rendered":"<p>Lange Samtjacke in schwarz und rotbraun mit zahlreichen gestickten und geh\u00e4kelten Zierornamenten in schwarz und verschieden rotbraunen T\u00f6nen auf schimmernder Seide. Taschen vorne und im Futter, vorne gekn\u00f6pft. Material: Baumwolle\/Viskose (Samt), Viskose (Futter), Baumwoll- und Seidenstoffe, Baumwoll- und Seidengarne Gr\u00f6\u00dfe: ca. 42<\/p>\n","protected":false},"featured_media":603,"template":"","meta":{"_crdt_document":""},"product_brand":[],"product_cat":[44],"product_tag":[],"class_list":{"0":"post-602","1":"product","2":"type-product","3":"status-publish","4":"has-post-thumbnail","6":"product_cat-bekleidung_ober_jacken","8":"first","9":"outofstock","10":"taxable","11":"shipping-taxable","12":"purchasable","13":"product-type-simple"},"_links":{"self":[{"href":"https:\/\/www2.gruener-rabe.com\/index.php\/wp-json\/wp\/v2\/product\/602","targetHints":{"allow":["GET"]}}],"collection":[{"href":"https:\/\/www2.gruener-rabe.com\/index.php\/wp-json\/wp\/v2\/product"}],"about":[{"href":"https:\/\/www2.gruener-rabe.com\/index.php\/wp-json\/wp\/v2\/types\/product"}],"wp:featuredmedia":[{"embeddable":true,"href":"https:\/\/www2.gruener-rabe.com\/index.php\/wp-json\/wp\/v2\/media\/603"}],"wp:attachment":[{"href":"https:\/\/www2.gruener-rabe.com\/index.php\/wp-json\/wp\/v2\/media?parent=602"}],"wp:term":[{"taxonomy":"product_brand","embeddable":true,"href":"https:\/\/www2.gruener-rabe.com\/index.php\/wp-json\/wp\/v2\/product_brand?post=602"},{"taxonomy":"product_cat","embeddable":true,"href":"https:\/\/www2.gruener-rabe.com\/index.php\/wp-json\/wp\/v2\/product_cat?post=602"},{"taxonomy":"product_tag","embeddable":true,"href":"https:\/\/www2.gruener-rabe.com\/index.php\/wp-json\/wp\/v2\/product_tag?post=602"}],"curies":[{"name":"wp","href":"https:\/\/api.w.org\/{rel}","templated":true}]}}