{"id":639,"date":"2018-08-05T16:06:23","date_gmt":"2018-08-05T14:06:23","guid":{"rendered":"https:\/\/www2.gruener-rabe.com\/?post_type=product&#038;p=639"},"modified":"2018-08-05T16:06:23","modified_gmt":"2018-08-05T14:06:23","slug":"guertel-in-schwarz-aus-einzelornamenten","status":"publish","type":"product","link":"https:\/\/www2.gruener-rabe.com\/index.php\/produkt\/guertel-in-schwarz-aus-einzelornamenten\/","title":{"rendered":"G\u00fcrtel in Schwarz aus Einzelornamenten"},"content":{"rendered":"<p>mit eingearbeiteten silbernen Perlen. Leicht dehnbar, sitzt daher bequem und engt nicht ein.<\/p>\n<p>Wachsglasperlen (12 mm Durchmesser), Metallhaken und Metallringe.<\/p>\n<p>Gr\u00f6\u00dfe: L\u00e4nge von 83 &#8211; 102 cm variabel durch einen Haken und 5 eingearbeitete Ringe im Abstand von 4 &#8211; 5 cm.<\/p>\n","protected":false},"excerpt":{"rendered":"<p>mit eingearbeiteten silbernen Perlen. Leicht dehnbar, sitzt daher bequem und engt nicht ein. Wachsglasperlen (12 mm Durchmesser), Metallhaken und Metallringe. Gr\u00f6\u00dfe: L\u00e4nge von 83 &#8211; 102 cm variabel durch einen Haken und 5 eingearbeitete Ringe im Abstand von 4 &#8211; 5 cm.<\/p>\n","protected":false},"featured_media":640,"template":"","meta":{"_crdt_document":""},"product_brand":[],"product_cat":[49],"product_tag":[],"class_list":{"0":"post-639","1":"product","2":"type-product","3":"status-publish","4":"has-post-thumbnail","6":"product_cat-accessoires_guertel","8":"first","9":"instock","10":"taxable","11":"shipping-taxable","12":"purchasable","13":"product-type-simple"},"_links":{"self":[{"href":"https:\/\/www2.gruener-rabe.com\/index.php\/wp-json\/wp\/v2\/product\/639","targetHints":{"allow":["GET"]}}],"collection":[{"href":"https:\/\/www2.gruener-rabe.com\/index.php\/wp-json\/wp\/v2\/product"}],"about":[{"href":"https:\/\/www2.gruener-rabe.com\/index.php\/wp-json\/wp\/v2\/types\/product"}],"wp:featuredmedia":[{"embeddable":true,"href":"https:\/\/www2.gruener-rabe.com\/index.php\/wp-json\/wp\/v2\/media\/640"}],"wp:attachment":[{"href":"https:\/\/www2.gruener-rabe.com\/index.php\/wp-json\/wp\/v2\/media?parent=639"}],"wp:term":[{"taxonomy":"product_brand","embeddable":true,"href":"https:\/\/www2.gruener-rabe.com\/index.php\/wp-json\/wp\/v2\/product_brand?post=639"},{"taxonomy":"product_cat","embeddable":true,"href":"https:\/\/www2.gruener-rabe.com\/index.php\/wp-json\/wp\/v2\/product_cat?post=639"},{"taxonomy":"product_tag","embeddable":true,"href":"https:\/\/www2.gruener-rabe.com\/index.php\/wp-json\/wp\/v2\/product_tag?post=639"}],"curies":[{"name":"wp","href":"https:\/\/api.w.org\/{rel}","templated":true}]}}