{"id":709,"date":"2018-10-26T14:04:42","date_gmt":"2018-10-26T12:04:42","guid":{"rendered":"https:\/\/www2.gruener-rabe.com\/?post_type=product&#038;p=709"},"modified":"2024-10-10T01:14:33","modified_gmt":"2024-10-09T23:14:33","slug":"naturfaerbige-bluse-mit-seitlichem-knopfverschluss-und-haekelornamenten","status":"publish","type":"product","link":"https:\/\/www2.gruener-rabe.com\/index.php\/produkt\/naturfaerbige-bluse-mit-seitlichem-knopfverschluss-und-haekelornamenten\/","title":{"rendered":"Naturf\u00e4rbige Bluse mit seitlichem Knopfverschlu\u00df und H\u00e4kelornamenten"},"content":{"rendered":"<p>Die Bord\u00fcre ist mit einem Streifen saphirblauer Seide unterlegt, der je nach Bedarf entfernt werden kann \u2013 gew\u00e4hren Sie Einblicke oder eben keine, je nach Laune.<\/p>\n","protected":false},"excerpt":{"rendered":"<p>Die Bord\u00fcre ist mit einem Streifen saphirblauer Seide unterlegt, der je nach Bedarf entfernt werden kann \u2013 gew\u00e4hren Sie Einblicke oder eben keine, je nach Laune.<\/p>\n","protected":false},"featured_media":710,"template":"","meta":{"_crdt_document":""},"product_brand":[],"product_cat":[73],"product_tag":[],"class_list":{"0":"post-709","1":"product","2":"type-product","3":"status-publish","4":"has-post-thumbnail","6":"product_cat-bekleidung_blusen_weiss","8":"first","9":"instock","10":"taxable","11":"shipping-taxable","12":"purchasable","13":"product-type-simple"},"_links":{"self":[{"href":"https:\/\/www2.gruener-rabe.com\/index.php\/wp-json\/wp\/v2\/product\/709","targetHints":{"allow":["GET"]}}],"collection":[{"href":"https:\/\/www2.gruener-rabe.com\/index.php\/wp-json\/wp\/v2\/product"}],"about":[{"href":"https:\/\/www2.gruener-rabe.com\/index.php\/wp-json\/wp\/v2\/types\/product"}],"wp:featuredmedia":[{"embeddable":true,"href":"https:\/\/www2.gruener-rabe.com\/index.php\/wp-json\/wp\/v2\/media\/710"}],"wp:attachment":[{"href":"https:\/\/www2.gruener-rabe.com\/index.php\/wp-json\/wp\/v2\/media?parent=709"}],"wp:term":[{"taxonomy":"product_brand","embeddable":true,"href":"https:\/\/www2.gruener-rabe.com\/index.php\/wp-json\/wp\/v2\/product_brand?post=709"},{"taxonomy":"product_cat","embeddable":true,"href":"https:\/\/www2.gruener-rabe.com\/index.php\/wp-json\/wp\/v2\/product_cat?post=709"},{"taxonomy":"product_tag","embeddable":true,"href":"https:\/\/www2.gruener-rabe.com\/index.php\/wp-json\/wp\/v2\/product_tag?post=709"}],"curies":[{"name":"wp","href":"https:\/\/api.w.org\/{rel}","templated":true}]}}