{"id":7210,"date":"2020-12-05T14:22:39","date_gmt":"2020-12-05T12:22:39","guid":{"rendered":"https:\/\/www2.gruener-rabe.com\/?post_type=product&#038;p=7210"},"modified":"2020-12-05T14:22:39","modified_gmt":"2020-12-05T12:22:39","slug":"sehr-elastisch-in-rippenmuster-gestrickte-haube","status":"publish","type":"product","link":"https:\/\/www2.gruener-rabe.com\/index.php\/produkt\/sehr-elastisch-in-rippenmuster-gestrickte-haube\/","title":{"rendered":"Sehr elastisch in Rippenmuster gestrickte Haube"},"content":{"rendered":"<p>In kr\u00e4ftigem Blau und Beige mit geh\u00e4kelter Bl\u00fcte.<\/p>\n<p>Mit Wachsglasperlen<\/p>\n","protected":false},"excerpt":{"rendered":"<p>In kr\u00e4ftigem Blau und Beige mit geh\u00e4kelter Bl\u00fcte. Mit Wachsglasperlen<\/p>\n","protected":false},"featured_media":7189,"template":"","meta":{"_crdt_document":""},"product_brand":[],"product_cat":[128,22],"product_tag":[],"class_list":{"0":"post-7210","1":"product","2":"type-product","3":"status-publish","4":"has-post-thumbnail","6":"product_cat-herbst_winter","7":"product_cat-accessoires_kopf_kappen_muetzen","9":"first","10":"instock","11":"taxable","12":"shipping-taxable","13":"purchasable","14":"product-type-simple"},"_links":{"self":[{"href":"https:\/\/www2.gruener-rabe.com\/index.php\/wp-json\/wp\/v2\/product\/7210","targetHints":{"allow":["GET"]}}],"collection":[{"href":"https:\/\/www2.gruener-rabe.com\/index.php\/wp-json\/wp\/v2\/product"}],"about":[{"href":"https:\/\/www2.gruener-rabe.com\/index.php\/wp-json\/wp\/v2\/types\/product"}],"wp:featuredmedia":[{"embeddable":true,"href":"https:\/\/www2.gruener-rabe.com\/index.php\/wp-json\/wp\/v2\/media\/7189"}],"wp:attachment":[{"href":"https:\/\/www2.gruener-rabe.com\/index.php\/wp-json\/wp\/v2\/media?parent=7210"}],"wp:term":[{"taxonomy":"product_brand","embeddable":true,"href":"https:\/\/www2.gruener-rabe.com\/index.php\/wp-json\/wp\/v2\/product_brand?post=7210"},{"taxonomy":"product_cat","embeddable":true,"href":"https:\/\/www2.gruener-rabe.com\/index.php\/wp-json\/wp\/v2\/product_cat?post=7210"},{"taxonomy":"product_tag","embeddable":true,"href":"https:\/\/www2.gruener-rabe.com\/index.php\/wp-json\/wp\/v2\/product_tag?post=7210"}],"curies":[{"name":"wp","href":"https:\/\/api.w.org\/{rel}","templated":true}]}}