{"id":7261,"date":"2021-05-04T14:10:18","date_gmt":"2021-05-04T12:10:18","guid":{"rendered":"https:\/\/www2.gruener-rabe.com\/?post_type=product&#038;p=7261"},"modified":"2022-06-07T08:54:10","modified_gmt":"2022-06-07T06:54:10","slug":"jahreszeiten-fruehling","status":"publish","type":"product","link":"https:\/\/www2.gruener-rabe.com\/index.php\/produkt\/jahreszeiten-fruehling\/","title":{"rendered":"Jahreszeiten: Fr\u00fchling"},"content":{"rendered":"<p>Collier aus zarten Bl\u00fcten in Fr\u00fchlingsfarben: wei\u00df, lachsrosa, zartgr\u00fcn.<\/p>\n<p>Geh\u00e4kelt aus Baumwollgarn Nr. 80 (&#8222;Taschentuchspitzengarn&#8220;), Druckknopf als Verschlu\u00df.<\/p>\n","protected":false},"excerpt":{"rendered":"<p>Collier aus zarten Bl\u00fcten in Fr\u00fchlingsfarben: wei\u00df, lachsrosa, zartgr\u00fcn. Geh\u00e4kelt aus Baumwollgarn Nr. 80 (&#8222;Taschentuchspitzengarn&#8220;), Druckknopf als Verschlu\u00df.<\/p>\n","protected":false},"featured_media":7263,"template":"","meta":{"_crdt_document":""},"product_brand":[],"product_cat":[63],"product_tag":[],"class_list":{"0":"post-7261","1":"product","2":"type-product","3":"status-publish","4":"has-post-thumbnail","6":"product_cat-accessoires_hals","8":"first","9":"outofstock","10":"taxable","11":"shipping-taxable","12":"purchasable","13":"product-type-simple"},"_links":{"self":[{"href":"https:\/\/www2.gruener-rabe.com\/index.php\/wp-json\/wp\/v2\/product\/7261","targetHints":{"allow":["GET"]}}],"collection":[{"href":"https:\/\/www2.gruener-rabe.com\/index.php\/wp-json\/wp\/v2\/product"}],"about":[{"href":"https:\/\/www2.gruener-rabe.com\/index.php\/wp-json\/wp\/v2\/types\/product"}],"wp:featuredmedia":[{"embeddable":true,"href":"https:\/\/www2.gruener-rabe.com\/index.php\/wp-json\/wp\/v2\/media\/7263"}],"wp:attachment":[{"href":"https:\/\/www2.gruener-rabe.com\/index.php\/wp-json\/wp\/v2\/media?parent=7261"}],"wp:term":[{"taxonomy":"product_brand","embeddable":true,"href":"https:\/\/www2.gruener-rabe.com\/index.php\/wp-json\/wp\/v2\/product_brand?post=7261"},{"taxonomy":"product_cat","embeddable":true,"href":"https:\/\/www2.gruener-rabe.com\/index.php\/wp-json\/wp\/v2\/product_cat?post=7261"},{"taxonomy":"product_tag","embeddable":true,"href":"https:\/\/www2.gruener-rabe.com\/index.php\/wp-json\/wp\/v2\/product_tag?post=7261"}],"curies":[{"name":"wp","href":"https:\/\/api.w.org\/{rel}","templated":true}]}}