{"id":7288,"date":"2021-05-04T16:33:46","date_gmt":"2021-05-04T14:33:46","guid":{"rendered":"https:\/\/www2.gruener-rabe.com\/?post_type=product&#038;p=7288"},"modified":"2024-06-01T16:24:43","modified_gmt":"2024-06-01T14:24:43","slug":"hoernchen","status":"publish","type":"product","link":"https:\/\/www2.gruener-rabe.com\/index.php\/produkt\/hoernchen\/","title":{"rendered":"H\u00f6rnchen"},"content":{"rendered":"<p>Schlichtes, kurzes schwarzes Collier aus Baumwoll- und Viskosegarnen mit geh\u00e4kelten &#8222;Widderh\u00f6rnchen&#8220;. Magnetverschlu\u00df.<\/p>\n","protected":false},"excerpt":{"rendered":"<p>Schlichtes, kurzes schwarzes Collier aus Baumwoll- und Viskosegarnen mit geh\u00e4kelten &#8222;Widderh\u00f6rnchen&#8220;. Magnetverschlu\u00df.<\/p>\n","protected":false},"featured_media":7278,"template":"","meta":{"_crdt_document":""},"product_brand":[],"product_cat":[63],"product_tag":[],"class_list":{"0":"post-7288","1":"product","2":"type-product","3":"status-publish","4":"has-post-thumbnail","6":"product_cat-accessoires_hals","8":"first","9":"instock","10":"taxable","11":"shipping-taxable","12":"purchasable","13":"product-type-simple"},"_links":{"self":[{"href":"https:\/\/www2.gruener-rabe.com\/index.php\/wp-json\/wp\/v2\/product\/7288","targetHints":{"allow":["GET"]}}],"collection":[{"href":"https:\/\/www2.gruener-rabe.com\/index.php\/wp-json\/wp\/v2\/product"}],"about":[{"href":"https:\/\/www2.gruener-rabe.com\/index.php\/wp-json\/wp\/v2\/types\/product"}],"wp:featuredmedia":[{"embeddable":true,"href":"https:\/\/www2.gruener-rabe.com\/index.php\/wp-json\/wp\/v2\/media\/7278"}],"wp:attachment":[{"href":"https:\/\/www2.gruener-rabe.com\/index.php\/wp-json\/wp\/v2\/media?parent=7288"}],"wp:term":[{"taxonomy":"product_brand","embeddable":true,"href":"https:\/\/www2.gruener-rabe.com\/index.php\/wp-json\/wp\/v2\/product_brand?post=7288"},{"taxonomy":"product_cat","embeddable":true,"href":"https:\/\/www2.gruener-rabe.com\/index.php\/wp-json\/wp\/v2\/product_cat?post=7288"},{"taxonomy":"product_tag","embeddable":true,"href":"https:\/\/www2.gruener-rabe.com\/index.php\/wp-json\/wp\/v2\/product_tag?post=7288"}],"curies":[{"name":"wp","href":"https:\/\/api.w.org\/{rel}","templated":true}]}}