{"id":7362,"date":"2021-12-02T21:51:52","date_gmt":"2021-12-02T19:51:52","guid":{"rendered":"https:\/\/www2.gruener-rabe.com\/?post_type=product&#038;p=7362"},"modified":"2024-07-09T00:43:29","modified_gmt":"2024-07-08T22:43:29","slug":"lange-winterjacke-aus-wolle","status":"publish","type":"product","link":"https:\/\/www2.gruener-rabe.com\/index.php\/produkt\/lange-winterjacke-aus-wolle\/","title":{"rendered":"Lange Winterjacke aus Wolle"},"content":{"rendered":"<p>Anthrazitgrauer Wollstoff, wei\u00df beflockt, mit 2 Au\u00dfen- und 3 Innentaschen und attraktiven Metallk\u00f6pfen.<\/p>\n<p>Material: Oberstoff 100 % Wolle; Viskosefutter, Baumwolltaschen.<\/p>\n<p>Gr\u00f6\u00dfe: ca. 42<\/p>\n","protected":false},"excerpt":{"rendered":"<p>Anthrazitgrauer Wollstoff, wei\u00df beflockt, mit 2 Au\u00dfen- und 3 Innentaschen und attraktiven Metallk\u00f6pfen. Material: Oberstoff 100 % Wolle; Viskosefutter, Baumwolltaschen. Gr\u00f6\u00dfe: ca. 42<\/p>\n","protected":false},"featured_media":7363,"template":"","meta":{"_crdt_document":""},"product_brand":[],"product_cat":[128,44],"product_tag":[],"class_list":{"0":"post-7362","1":"product","2":"type-product","3":"status-publish","4":"has-post-thumbnail","6":"product_cat-herbst_winter","7":"product_cat-bekleidung_ober_jacken","9":"first","10":"outofstock","11":"taxable","12":"shipping-taxable","13":"purchasable","14":"product-type-simple"},"_links":{"self":[{"href":"https:\/\/www2.gruener-rabe.com\/index.php\/wp-json\/wp\/v2\/product\/7362","targetHints":{"allow":["GET"]}}],"collection":[{"href":"https:\/\/www2.gruener-rabe.com\/index.php\/wp-json\/wp\/v2\/product"}],"about":[{"href":"https:\/\/www2.gruener-rabe.com\/index.php\/wp-json\/wp\/v2\/types\/product"}],"wp:featuredmedia":[{"embeddable":true,"href":"https:\/\/www2.gruener-rabe.com\/index.php\/wp-json\/wp\/v2\/media\/7363"}],"wp:attachment":[{"href":"https:\/\/www2.gruener-rabe.com\/index.php\/wp-json\/wp\/v2\/media?parent=7362"}],"wp:term":[{"taxonomy":"product_brand","embeddable":true,"href":"https:\/\/www2.gruener-rabe.com\/index.php\/wp-json\/wp\/v2\/product_brand?post=7362"},{"taxonomy":"product_cat","embeddable":true,"href":"https:\/\/www2.gruener-rabe.com\/index.php\/wp-json\/wp\/v2\/product_cat?post=7362"},{"taxonomy":"product_tag","embeddable":true,"href":"https:\/\/www2.gruener-rabe.com\/index.php\/wp-json\/wp\/v2\/product_tag?post=7362"}],"curies":[{"name":"wp","href":"https:\/\/api.w.org\/{rel}","templated":true}]}}