{"id":757,"date":"2018-10-26T17:44:42","date_gmt":"2018-10-26T15:44:42","guid":{"rendered":"https:\/\/www2.gruener-rabe.com\/?post_type=product&#038;p=757"},"modified":"2024-07-10T23:56:26","modified_gmt":"2024-07-10T21:56:26","slug":"sommerliches-jackenkleid-aus-leinen-baumwolle-in-kuehlem-gruen","status":"publish","type":"product","link":"https:\/\/www2.gruener-rabe.com\/index.php\/produkt\/sommerliches-jackenkleid-aus-leinen-baumwolle-in-kuehlem-gruen\/","title":{"rendered":"Sommerliches Jackenkleid aus Leinen-Baumwolle in k\u00fchlem Gr\u00fcn"},"content":{"rendered":"<p>Vorne durchgekn\u00f6pft, r\u00fcckw\u00e4rts zum binden. Spitzeneins\u00e4tze im Revers, Ton-in-Ton.<\/p>\n","protected":false},"excerpt":{"rendered":"<p>Vorne durchgekn\u00f6pft, r\u00fcckw\u00e4rts zum binden. Spitzeneins\u00e4tze im Revers, Ton-in-Ton.<\/p>\n","protected":false},"featured_media":758,"template":"","meta":{"_crdt_document":""},"product_brand":[],"product_cat":[17],"product_tag":[],"class_list":{"0":"post-757","1":"product","2":"type-product","3":"status-publish","4":"has-post-thumbnail","6":"product_cat-bekleidung_kleider_farbig","8":"first","9":"outofstock","10":"taxable","11":"shipping-taxable","12":"purchasable","13":"product-type-simple"},"_links":{"self":[{"href":"https:\/\/www2.gruener-rabe.com\/index.php\/wp-json\/wp\/v2\/product\/757","targetHints":{"allow":["GET"]}}],"collection":[{"href":"https:\/\/www2.gruener-rabe.com\/index.php\/wp-json\/wp\/v2\/product"}],"about":[{"href":"https:\/\/www2.gruener-rabe.com\/index.php\/wp-json\/wp\/v2\/types\/product"}],"wp:featuredmedia":[{"embeddable":true,"href":"https:\/\/www2.gruener-rabe.com\/index.php\/wp-json\/wp\/v2\/media\/758"}],"wp:attachment":[{"href":"https:\/\/www2.gruener-rabe.com\/index.php\/wp-json\/wp\/v2\/media?parent=757"}],"wp:term":[{"taxonomy":"product_brand","embeddable":true,"href":"https:\/\/www2.gruener-rabe.com\/index.php\/wp-json\/wp\/v2\/product_brand?post=757"},{"taxonomy":"product_cat","embeddable":true,"href":"https:\/\/www2.gruener-rabe.com\/index.php\/wp-json\/wp\/v2\/product_cat?post=757"},{"taxonomy":"product_tag","embeddable":true,"href":"https:\/\/www2.gruener-rabe.com\/index.php\/wp-json\/wp\/v2\/product_tag?post=757"}],"curies":[{"name":"wp","href":"https:\/\/api.w.org\/{rel}","templated":true}]}}