{"id":7605,"date":"2024-07-04T23:30:43","date_gmt":"2024-07-04T21:30:43","guid":{"rendered":"https:\/\/www2.gruener-rabe.com\/?post_type=product&#038;p=7605"},"modified":"2024-07-04T23:30:43","modified_gmt":"2024-07-04T21:30:43","slug":"cremegelbes-kleid-aus-reinleinen","status":"publish","type":"product","link":"https:\/\/www2.gruener-rabe.com\/index.php\/produkt\/cremegelbes-kleid-aus-reinleinen\/","title":{"rendered":"Cremegelbes Kleid aus Reinleinen"},"content":{"rendered":"<p>Cremegelbes Kleid aus Reinleinen mit weitschwingendem Rockteil. Vorne im Rock ein Einsatz aus Br\u00fcgger H\u00e4kelei in harmonischen Naturt\u00f6nen.<\/p>\n<p>Mit Seide gef\u00fcttert, Rei\u00dfverschlu\u00df r\u00fcckw\u00e4rts. Bei den unten angegebenen Ma\u00dfen sitzt es in der Taille und um die H\u00fcften locker.<\/p>\n<p>Gr\u00f6\u00dfe: 46 (107 &#8211; 86 &#8211; 110); L\u00e4nge ab Taille ca. 85 cm.<\/p>\n","protected":false},"excerpt":{"rendered":"<p>Cremegelbes Kleid aus Reinleinen mit weitschwingendem Rockteil. Vorne im Rock ein Einsatz aus Br\u00fcgger H\u00e4kelei in harmonischen Naturt\u00f6nen. Mit Seide gef\u00fcttert, Rei\u00dfverschlu\u00df r\u00fcckw\u00e4rts. Bei den unten angegebenen Ma\u00dfen sitzt es in der Taille und um die H\u00fcften locker. Gr\u00f6\u00dfe: 46 (107 &#8211; 86 &#8211; 110); L\u00e4nge ab Taille ca. 85 [&hellip;]<\/p>\n","protected":false},"featured_media":7606,"template":"","meta":{"_crdt_document":""},"product_brand":[],"product_cat":[140],"product_tag":[],"class_list":{"0":"post-7605","1":"product","2":"type-product","3":"status-publish","4":"has-post-thumbnail","6":"product_cat-bekleidung_kleider_leinen","8":"first","9":"instock","10":"taxable","11":"shipping-taxable","12":"purchasable","13":"product-type-simple"},"_links":{"self":[{"href":"https:\/\/www2.gruener-rabe.com\/index.php\/wp-json\/wp\/v2\/product\/7605","targetHints":{"allow":["GET"]}}],"collection":[{"href":"https:\/\/www2.gruener-rabe.com\/index.php\/wp-json\/wp\/v2\/product"}],"about":[{"href":"https:\/\/www2.gruener-rabe.com\/index.php\/wp-json\/wp\/v2\/types\/product"}],"wp:featuredmedia":[{"embeddable":true,"href":"https:\/\/www2.gruener-rabe.com\/index.php\/wp-json\/wp\/v2\/media\/7606"}],"wp:attachment":[{"href":"https:\/\/www2.gruener-rabe.com\/index.php\/wp-json\/wp\/v2\/media?parent=7605"}],"wp:term":[{"taxonomy":"product_brand","embeddable":true,"href":"https:\/\/www2.gruener-rabe.com\/index.php\/wp-json\/wp\/v2\/product_brand?post=7605"},{"taxonomy":"product_cat","embeddable":true,"href":"https:\/\/www2.gruener-rabe.com\/index.php\/wp-json\/wp\/v2\/product_cat?post=7605"},{"taxonomy":"product_tag","embeddable":true,"href":"https:\/\/www2.gruener-rabe.com\/index.php\/wp-json\/wp\/v2\/product_tag?post=7605"}],"curies":[{"name":"wp","href":"https:\/\/api.w.org\/{rel}","templated":true}]}}