{"id":7612,"date":"2024-07-11T00:51:40","date_gmt":"2024-07-10T22:51:40","guid":{"rendered":"https:\/\/www2.gruener-rabe.com\/?post_type=product&#038;p=7612"},"modified":"2024-07-11T00:51:40","modified_gmt":"2024-07-10T22:51:40","slug":"gilet","status":"publish","type":"product","link":"https:\/\/www2.gruener-rabe.com\/index.php\/produkt\/gilet\/","title":{"rendered":"Gilet"},"content":{"rendered":"<p>Gilet aus fester champagnerfarbener Seide mit grau changierender R\u00fcckseite. Ungef\u00fcttert, auch als Bluse tragbar.<\/p>\n<p>Gr\u00f6\u00dfe ca. 42<\/p>\n","protected":false},"excerpt":{"rendered":"<p>Gilet aus fester champagnerfarbener Seide mit grau changierender R\u00fcckseite. Ungef\u00fcttert, auch als Bluse tragbar. Gr\u00f6\u00dfe ca. 42<\/p>\n","protected":false},"featured_media":7611,"template":"","meta":{"_crdt_document":""},"product_brand":[],"product_cat":[148],"product_tag":[],"class_list":{"0":"post-7612","1":"product","2":"type-product","3":"status-publish","4":"has-post-thumbnail","6":"product_cat-bekleidung_gilets","8":"first","9":"instock","10":"taxable","11":"shipping-taxable","12":"purchasable","13":"product-type-simple"},"_links":{"self":[{"href":"https:\/\/www2.gruener-rabe.com\/index.php\/wp-json\/wp\/v2\/product\/7612","targetHints":{"allow":["GET"]}}],"collection":[{"href":"https:\/\/www2.gruener-rabe.com\/index.php\/wp-json\/wp\/v2\/product"}],"about":[{"href":"https:\/\/www2.gruener-rabe.com\/index.php\/wp-json\/wp\/v2\/types\/product"}],"wp:featuredmedia":[{"embeddable":true,"href":"https:\/\/www2.gruener-rabe.com\/index.php\/wp-json\/wp\/v2\/media\/7611"}],"wp:attachment":[{"href":"https:\/\/www2.gruener-rabe.com\/index.php\/wp-json\/wp\/v2\/media?parent=7612"}],"wp:term":[{"taxonomy":"product_brand","embeddable":true,"href":"https:\/\/www2.gruener-rabe.com\/index.php\/wp-json\/wp\/v2\/product_brand?post=7612"},{"taxonomy":"product_cat","embeddable":true,"href":"https:\/\/www2.gruener-rabe.com\/index.php\/wp-json\/wp\/v2\/product_cat?post=7612"},{"taxonomy":"product_tag","embeddable":true,"href":"https:\/\/www2.gruener-rabe.com\/index.php\/wp-json\/wp\/v2\/product_tag?post=7612"}],"curies":[{"name":"wp","href":"https:\/\/api.w.org\/{rel}","templated":true}]}}