{"id":7642,"date":"2024-08-21T23:59:57","date_gmt":"2024-08-21T21:59:57","guid":{"rendered":"https:\/\/www2.gruener-rabe.com\/?post_type=product&#038;p=7642"},"modified":"2024-08-21T23:59:57","modified_gmt":"2024-08-21T21:59:57","slug":"elegantes-kleid-in-sattem-weinrot","status":"publish","type":"product","link":"https:\/\/www2.gruener-rabe.com\/index.php\/produkt\/elegantes-kleid-in-sattem-weinrot\/","title":{"rendered":"Elegantes Kleid in sattem Weinrot"},"content":{"rendered":"<p>Reine Naturfaser: elegantes Kleid in sattem Weinrot mit einer handgefertigten floralen Spitze in anthrazit, die sich \u00fcber das Dekolletee und die Schultern in den R\u00fccken erstreckt. Rei\u00dfverschlu\u00df seitlich, mit Viskose gef\u00fcttert.<\/p>\n","protected":false},"excerpt":{"rendered":"<p>Reine Naturfaser: elegantes Kleid in sattem Weinrot mit einer handgefertigten floralen Spitze in anthrazit, die sich \u00fcber das Dekolletee und die Schultern in den R\u00fccken erstreckt. Rei\u00dfverschlu\u00df seitlich, mit Viskose gef\u00fcttert.<\/p>\n","protected":false},"featured_media":7643,"template":"","meta":{"_crdt_document":""},"product_brand":[],"product_cat":[17],"product_tag":[],"class_list":{"0":"post-7642","1":"product","2":"type-product","3":"status-publish","4":"has-post-thumbnail","6":"product_cat-bekleidung_kleider_farbig","8":"first","9":"instock","10":"taxable","11":"shipping-taxable","12":"purchasable","13":"product-type-simple"},"_links":{"self":[{"href":"https:\/\/www2.gruener-rabe.com\/index.php\/wp-json\/wp\/v2\/product\/7642","targetHints":{"allow":["GET"]}}],"collection":[{"href":"https:\/\/www2.gruener-rabe.com\/index.php\/wp-json\/wp\/v2\/product"}],"about":[{"href":"https:\/\/www2.gruener-rabe.com\/index.php\/wp-json\/wp\/v2\/types\/product"}],"wp:featuredmedia":[{"embeddable":true,"href":"https:\/\/www2.gruener-rabe.com\/index.php\/wp-json\/wp\/v2\/media\/7643"}],"wp:attachment":[{"href":"https:\/\/www2.gruener-rabe.com\/index.php\/wp-json\/wp\/v2\/media?parent=7642"}],"wp:term":[{"taxonomy":"product_brand","embeddable":true,"href":"https:\/\/www2.gruener-rabe.com\/index.php\/wp-json\/wp\/v2\/product_brand?post=7642"},{"taxonomy":"product_cat","embeddable":true,"href":"https:\/\/www2.gruener-rabe.com\/index.php\/wp-json\/wp\/v2\/product_cat?post=7642"},{"taxonomy":"product_tag","embeddable":true,"href":"https:\/\/www2.gruener-rabe.com\/index.php\/wp-json\/wp\/v2\/product_tag?post=7642"}],"curies":[{"name":"wp","href":"https:\/\/api.w.org\/{rel}","templated":true}]}}