{"id":7773,"date":"2025-08-27T20:53:06","date_gmt":"2025-08-27T18:53:06","guid":{"rendered":"https:\/\/www2.gruener-rabe.com\/?post_type=product&#038;p=7773"},"modified":"2025-08-27T20:53:06","modified_gmt":"2025-08-27T18:53:06","slug":"handschuhe-naturweiss","status":"publish","type":"product","link":"https:\/\/www2.gruener-rabe.com\/index.php\/produkt\/handschuhe-naturweiss\/","title":{"rendered":"Handschuhe, naturwei\u00df"},"content":{"rendered":"<p>In Patchwork-Technik aus floralen Motiven geh\u00e4kelte Halbhandschuhe. Mit Kn\u00f6pfchen.<br \/>\nAus Baumwollgarn Nr. 20<\/p>\n","protected":false},"excerpt":{"rendered":"<p>In Patchwork-Technik aus floralen Motiven geh\u00e4kelte Halbhandschuhe. Mit Kn\u00f6pfchen. Aus Baumwollgarn Nr. 20<\/p>\n","protected":false},"featured_media":7768,"template":"","meta":{"_crdt_document":""},"product_brand":[],"product_cat":[28],"product_tag":[],"class_list":{"0":"post-7773","1":"product","2":"type-product","3":"status-publish","4":"has-post-thumbnail","6":"product_cat-accessoires_haende_spitze","8":"first","9":"instock","10":"taxable","11":"shipping-taxable","12":"purchasable","13":"product-type-simple"},"_links":{"self":[{"href":"https:\/\/www2.gruener-rabe.com\/index.php\/wp-json\/wp\/v2\/product\/7773","targetHints":{"allow":["GET"]}}],"collection":[{"href":"https:\/\/www2.gruener-rabe.com\/index.php\/wp-json\/wp\/v2\/product"}],"about":[{"href":"https:\/\/www2.gruener-rabe.com\/index.php\/wp-json\/wp\/v2\/types\/product"}],"wp:featuredmedia":[{"embeddable":true,"href":"https:\/\/www2.gruener-rabe.com\/index.php\/wp-json\/wp\/v2\/media\/7768"}],"wp:attachment":[{"href":"https:\/\/www2.gruener-rabe.com\/index.php\/wp-json\/wp\/v2\/media?parent=7773"}],"wp:term":[{"taxonomy":"product_brand","embeddable":true,"href":"https:\/\/www2.gruener-rabe.com\/index.php\/wp-json\/wp\/v2\/product_brand?post=7773"},{"taxonomy":"product_cat","embeddable":true,"href":"https:\/\/www2.gruener-rabe.com\/index.php\/wp-json\/wp\/v2\/product_cat?post=7773"},{"taxonomy":"product_tag","embeddable":true,"href":"https:\/\/www2.gruener-rabe.com\/index.php\/wp-json\/wp\/v2\/product_tag?post=7773"}],"curies":[{"name":"wp","href":"https:\/\/api.w.org\/{rel}","templated":true}]}}