{"id":797,"date":"2019-01-07T23:56:29","date_gmt":"2019-01-07T21:56:29","guid":{"rendered":"https:\/\/www2.gruener-rabe.com\/?post_type=product&#038;p=797"},"modified":"2024-07-11T00:20:03","modified_gmt":"2024-07-10T22:20:03","slug":"schulterfreies-abendkleid-mit-jaeckchen","status":"publish","type":"product","link":"https:\/\/www2.gruener-rabe.com\/index.php\/produkt\/schulterfreies-abendkleid-mit-jaeckchen\/","title":{"rendered":"Schulterfreies Abendkleid mit J\u00e4ckchen"},"content":{"rendered":"<p>Florale Spitze an Dekollet\u00e9e und Hals. Silbergarn und eingearbeitete Glasperlen sorgen f\u00fcr festlichen Glanz.<\/p>\n<p>Die Spitze ist mit Druckkn\u00f6pfen befestigt, komplett abnehmbar und kann separat gewaschen und geb\u00fcgelt werden. Kleid und J\u00e4ckchen sind mit Seide gef\u00fcttert.<\/p>\n<p>Mit Glanzgarn und Glasperlen.<\/p>\n","protected":false},"excerpt":{"rendered":"<p>Florale Spitze an Dekollet\u00e9e und Hals. Silbergarn und eingearbeitete Glasperlen sorgen f\u00fcr festlichen Glanz. Die Spitze ist mit Druckkn\u00f6pfen befestigt, komplett abnehmbar und kann separat gewaschen und geb\u00fcgelt werden. Kleid und J\u00e4ckchen sind mit Seide gef\u00fcttert. Mit Glanzgarn und Glasperlen.<\/p>\n","protected":false},"featured_media":801,"template":"","meta":{"_crdt_document":""},"product_brand":[],"product_cat":[17],"product_tag":[],"class_list":{"0":"post-797","1":"product","2":"type-product","3":"status-publish","4":"has-post-thumbnail","6":"product_cat-bekleidung_kleider_farbig","8":"first","9":"instock","10":"taxable","11":"shipping-taxable","12":"purchasable","13":"product-type-simple"},"_links":{"self":[{"href":"https:\/\/www2.gruener-rabe.com\/index.php\/wp-json\/wp\/v2\/product\/797","targetHints":{"allow":["GET"]}}],"collection":[{"href":"https:\/\/www2.gruener-rabe.com\/index.php\/wp-json\/wp\/v2\/product"}],"about":[{"href":"https:\/\/www2.gruener-rabe.com\/index.php\/wp-json\/wp\/v2\/types\/product"}],"wp:featuredmedia":[{"embeddable":true,"href":"https:\/\/www2.gruener-rabe.com\/index.php\/wp-json\/wp\/v2\/media\/801"}],"wp:attachment":[{"href":"https:\/\/www2.gruener-rabe.com\/index.php\/wp-json\/wp\/v2\/media?parent=797"}],"wp:term":[{"taxonomy":"product_brand","embeddable":true,"href":"https:\/\/www2.gruener-rabe.com\/index.php\/wp-json\/wp\/v2\/product_brand?post=797"},{"taxonomy":"product_cat","embeddable":true,"href":"https:\/\/www2.gruener-rabe.com\/index.php\/wp-json\/wp\/v2\/product_cat?post=797"},{"taxonomy":"product_tag","embeddable":true,"href":"https:\/\/www2.gruener-rabe.com\/index.php\/wp-json\/wp\/v2\/product_tag?post=797"}],"curies":[{"name":"wp","href":"https:\/\/api.w.org\/{rel}","templated":true}]}}