{"id":840,"date":"2019-03-15T14:57:02","date_gmt":"2019-03-15T12:57:02","guid":{"rendered":"https:\/\/www2.gruener-rabe.com\/?post_type=product&#038;p=840"},"modified":"2024-07-11T00:09:04","modified_gmt":"2024-07-10T22:09:04","slug":"taufkleid-aus-2-lagen-seide-mit-sehr-feiner-occhi-spitze","status":"publish","type":"product","link":"https:\/\/www2.gruener-rabe.com\/index.php\/produkt\/taufkleid-aus-2-lagen-seide-mit-sehr-feiner-occhi-spitze\/","title":{"rendered":"Taufkleid aus 2 Lagen Seide mit sehr feiner Occhi-Spitze"},"content":{"rendered":"<p>Taufkleid aus 2 Lagen Seide (wei\u00df und honiggelb) mit sehr feiner Occhi-Spitze und eingearbeiteten winzigen Perlen in perlmuttwei\u00df, hell und dunkel honigfarben. Die obere wei\u00dfe Seide ist zart genug um die honiggelbe Seide darunter durchscheinen zu lassen.<\/p>\n<p>Das Kleidchen ist r\u00fcckw\u00e4rts mit einem Rei\u00dfverschlu\u00df zu schlie\u00dfen.<\/p>\n<p>Modellkind: Marlene, von Renate Kirschbaum (www.renas-reallife-puppen.de)<\/p>\n<p>F\u00fcr K\u00f6rpergr\u00f6\u00dfe 52 &#8211; 60 cm.<\/p>\n","protected":false},"excerpt":{"rendered":"<p>Taufkleid aus 2 Lagen Seide (wei\u00df und honiggelb) mit sehr feiner Occhi-Spitze und eingearbeiteten winzigen Perlen in perlmuttwei\u00df, hell und dunkel honigfarben. Die obere wei\u00dfe Seide ist zart genug um die honiggelbe Seide darunter durchscheinen zu lassen. Das Kleidchen ist r\u00fcckw\u00e4rts mit einem Rei\u00dfverschlu\u00df zu schlie\u00dfen. Modellkind: Marlene, von Renate [&hellip;]<\/p>\n","protected":false},"featured_media":839,"template":"","meta":{"_crdt_document":""},"product_brand":[],"product_cat":[17,113],"product_tag":[],"class_list":{"0":"post-840","1":"product","2":"type-product","3":"status-publish","4":"has-post-thumbnail","6":"product_cat-bekleidung_kleider_farbig","7":"product_cat-bekleidung_taufe","9":"first","10":"instock","11":"taxable","12":"shipping-taxable","13":"purchasable","14":"product-type-simple"},"_links":{"self":[{"href":"https:\/\/www2.gruener-rabe.com\/index.php\/wp-json\/wp\/v2\/product\/840","targetHints":{"allow":["GET"]}}],"collection":[{"href":"https:\/\/www2.gruener-rabe.com\/index.php\/wp-json\/wp\/v2\/product"}],"about":[{"href":"https:\/\/www2.gruener-rabe.com\/index.php\/wp-json\/wp\/v2\/types\/product"}],"wp:featuredmedia":[{"embeddable":true,"href":"https:\/\/www2.gruener-rabe.com\/index.php\/wp-json\/wp\/v2\/media\/839"}],"wp:attachment":[{"href":"https:\/\/www2.gruener-rabe.com\/index.php\/wp-json\/wp\/v2\/media?parent=840"}],"wp:term":[{"taxonomy":"product_brand","embeddable":true,"href":"https:\/\/www2.gruener-rabe.com\/index.php\/wp-json\/wp\/v2\/product_brand?post=840"},{"taxonomy":"product_cat","embeddable":true,"href":"https:\/\/www2.gruener-rabe.com\/index.php\/wp-json\/wp\/v2\/product_cat?post=840"},{"taxonomy":"product_tag","embeddable":true,"href":"https:\/\/www2.gruener-rabe.com\/index.php\/wp-json\/wp\/v2\/product_tag?post=840"}],"curies":[{"name":"wp","href":"https:\/\/api.w.org\/{rel}","templated":true}]}}